{"id":13751,"date":"2025-03-05T12:16:11","date_gmt":"2025-03-05T12:16:11","guid":{"rendered":"https:\/\/af-net.eu\/?page_id=13751"},"modified":"2025-03-26T13:47:03","modified_gmt":"2025-03-26T13:47:03","slug":"partnerstudie-cmr-icd-dzhk23","status":"publish","type":"page","link":"https:\/\/www.af-net.eu\/en\/partnerstudie-cmr-icd-dzhk23\/","title":{"rendered":"Partnerstudie &#8211; CMR-ICD-DZHK23"},"content":{"rendered":"\n<div class=\"wp-block-group\"><div class=\"wp-block-group__inner-container is-layout-constrained wp-block-group-is-layout-constrained\">\n<div class=\"wp-block-columns is-layout-flex wp-container-core-columns-is-layout-9d6595d7 wp-block-columns-is-layout-flex\">\n<div class=\"wp-block-column is-layout-flow wp-block-column-is-layout-flow\" style=\"flex-basis:40%\"><div class=\"wp-block-image\">\n<figure class=\"aligncenter size-full is-resized\"><img loading=\"lazy\" decoding=\"async\" width=\"800\" height=\"313\" src=\"https:\/\/www.af-net.eu\/wp-content\/uploads\/2025\/03\/200901_DZHK_Trial23_LogoRGB.png\" alt=\"\" class=\"wp-image-14076\" style=\"width:337px\" srcset=\"https:\/\/www.af-net.eu\/wp-content\/uploads\/2025\/03\/200901_DZHK_Trial23_LogoRGB.png 800w, https:\/\/www.af-net.eu\/wp-content\/uploads\/2025\/03\/200901_DZHK_Trial23_LogoRGB-300x117.png 300w, https:\/\/www.af-net.eu\/wp-content\/uploads\/2025\/03\/200901_DZHK_Trial23_LogoRGB-768x300.png 768w, https:\/\/www.af-net.eu\/wp-content\/uploads\/2025\/03\/200901_DZHK_Trial23_LogoRGB-500x196.png 500w\" sizes=\"auto, (max-width: 800px) 100vw, 800px\" \/><\/figure>\n<\/div><\/div>\n\n\n\n<div class=\"wp-block-column is-layout-flow wp-block-column-is-layout-flow\" style=\"flex-basis:60%\">\n<h2 class=\"wp-block-heading has-afnet-blau-color has-text-color has-link-color wp-elements-7bd94e5aedb6bca7380c9cb62c039987\" style=\"text-transform:uppercase\"><strong>CMR-ICD-DZHK23<\/strong><\/h2>\n\n\n\n<div class=\"easthigh\"> <\/div>\n\n\n\n<p>Cardiac Magnetic Resonance guidance of Implantable Cardioverter Defibrillator implantation in non-ischemic dilated cardiomyopathy<\/p>\n<\/div>\n<\/div>\n<\/div><\/div>\n\n\n\n<div style=\"height:100px\" aria-hidden=\"true\" id=\"abstand-weg\" class=\"wp-block-spacer\"><\/div>\n\n\n\n<div class=\"wp-block-group alignfull has-background\" id=\"studiendesign-block-hacken\" style=\"background-color:#dde9f2\"><div class=\"wp-block-group__inner-container is-layout-constrained wp-block-group-is-layout-constrained\">\n<div class=\"wp-block-columns is-layout-flex wp-container-core-columns-is-layout-9d6595d7 wp-block-columns-is-layout-flex\">\n<div class=\"wp-block-column is-layout-flow wp-block-column-is-layout-flow\">\n<h2 class=\"wp-block-heading has-afnet-blau-color has-text-color has-link-color wp-elements-b047fd5b82af35ecb6cf9eb92218a16d\" style=\"text-transform:uppercase\"><strong>STUDY DESIGN<\/strong><\/h2>\n\n\n\n<div class=\"studydesign-dotted\"> <\/div>\n\n\n\n<p>Cardiac Magnetic Resonance guidance of Implantable Cardioverter Defibrillator implantation in non-ischemic dilated cardiomyopathy<\/p>\n<\/div>\n\n\n\n<div class=\"wp-block-column is-layout-flow wp-block-column-is-layout-flow\" id=\"video-studien-margin-top-less\"><div class=\"wp-block-image\">\n<figure class=\"aligncenter size-full is-resized\"><img loading=\"lazy\" decoding=\"async\" width=\"436\" height=\"301\" src=\"https:\/\/www.af-net.eu\/wp-content\/uploads\/2025\/03\/CMR-ICD2.jpg\" alt=\"\" class=\"wp-image-14154\" style=\"width:326px;height:auto\" srcset=\"https:\/\/www.af-net.eu\/wp-content\/uploads\/2025\/03\/CMR-ICD2.jpg 436w, https:\/\/www.af-net.eu\/wp-content\/uploads\/2025\/03\/CMR-ICD2-300x207.jpg 300w\" sizes=\"auto, (max-width: 436px) 100vw, 436px\" \/><\/figure>\n<\/div><\/div>\n<\/div>\n\n\n\n<div class=\"wp-block-columns is-layout-flex wp-container-core-columns-is-layout-9d6595d7 wp-block-columns-is-layout-flex\">\n<div class=\"wp-block-column is-layout-flow wp-block-column-is-layout-flow\" id=\"positiv-zeichen\">\n<h5 class=\"wp-block-heading has-afnet-blau-color has-text-color has-link-color wp-elements-066ddac32dcd329bef30390fafa5262c\"><strong>Study objective<\/strong><\/h5>\n\n\n\n<p>The aim of the study is to investigate whether the implantation of an implantable cardioverter defibrillator (ICD) reduces the overall risk of death in patients with non-ischaemic cardiomyopathy (NIDCM) and severely impaired left ventricular function (LVEF \u226435%) and with existing fibrosis on cardiac MRI compared to standard drug therapy without ICD implantation.<\/p>\n<\/div>\n\n\n\n<div class=\"wp-block-column is-layout-flow wp-block-column-is-layout-flow\" id=\"negativ-zeichen\">\n<h5 class=\"wp-block-heading has-afnet-blau-color has-text-color has-link-color wp-elements-232228ccb9ea70ee153f3822ce1d7d9c\"><strong>Description<\/strong><\/h5>\n\n\n\n<p>Dilated cardiomyopathy describes a special form of heart failure that is not caused by a circulatory disorder of the heart vessels. The treatment for this type of heart failure consists on the one hand of optimised drug therapy for heart failure and on the other hand of implanting a defibrillator (ICD) if the heart&#8217;s pumping capacity is permanently severely restricted (\u2264 35%). The shock function of the defibrillator is intended to protect patients from sudden cardiac death caused by malignant cardiac arrhythmias. However, preliminary studies have shown that it is difficult to predict the success of ICD therapy based on the highly restricted pumping capacity of the heart (\u2264 35%) as the sole implantation criterion.<\/p>\n<\/div>\n\n\n\n<div class=\"wp-block-column is-layout-flow wp-block-column-is-layout-flow\" id=\"negativ-zeichen\">\n<p>Imaging is becoming increasingly important to better assess the success of ICD implantation. Preliminary investigations have shown in particular the benefit of determining scar\/fibrosis using cardiac MRI. This would make it easier to identify patients who would actually benefit from ICD implantation and thus prevent the defibrillator from being implanted unnecessarily with certain risks.<br>The CMR-ICD-DZHK-23 study is the first to investigate in patients with dilated cardiomyopathy and severely impaired cardiac pumping function, whether additional optimised risk stratification using cardiac MRI and visualisation of fibrosis as a potential trigger of malignant cardiac arrhythmias can identify those patients who actually benefit from ICD therapy.<\/p>\n<\/div>\n<\/div>\n<\/div><\/div>\n\n\n\n<div style=\"height:25px\" aria-hidden=\"true\" id=\"abstand-weg\" class=\"wp-block-spacer\"><\/div>\n\n\n\n<div class=\"wp-block-group alignfull has-base-3-background-color has-background\" id=\"studiendesign-block-hacken\"><div class=\"wp-block-group__inner-container is-layout-constrained wp-block-group-is-layout-constrained\">\n<h2 class=\"wp-block-heading has-afnet-blau-color has-text-color has-link-color wp-elements-dc1e7faa86378f3d65707404492b3382\" style=\"text-transform:uppercase\"><strong>CONTACT DETAILS<\/strong><\/h2>\n\n\n\n<div class=\"furtherinformation-dotted\"> <\/div>\n\n\n\n<div class=\"wp-block-columns has-base-3-background-color has-background is-layout-flex wp-container-core-columns-is-layout-9d6595d7 wp-block-columns-is-layout-flex\" id=\"Leitungen\">\n<div class=\"wp-block-column is-layout-flow wp-block-column-is-layout-flow\"><div class=\"wp-block-image is-style-rounded\">\n<figure class=\"aligncenter size-full is-resized\" id=\"kreis\"><img loading=\"lazy\" decoding=\"async\" width=\"250\" height=\"250\" src=\"https:\/\/www.af-net.eu\/wp-content\/uploads\/2025\/03\/Eitel_sq.jpg\" alt=\"\" class=\"wp-image-13917\" style=\"aspect-ratio:1;object-fit:cover;width:250px\" srcset=\"https:\/\/www.af-net.eu\/wp-content\/uploads\/2025\/03\/Eitel_sq.jpg 250w, https:\/\/www.af-net.eu\/wp-content\/uploads\/2025\/03\/Eitel_sq-150x150.jpg 150w\" sizes=\"auto, (max-width: 250px) 100vw, 250px\" \/><\/figure>\n<\/div>\n\n\n<h5 class=\"wp-block-heading has-text-align-center has-afnet-blau-color has-text-color has-link-color wp-elements-ae92295a69702fad56140aa2b9ff818a\"><strong>Prof. Dr. Ingo Eitel, MD<\/strong><\/h5>\n\n\n\n<p class=\"has-text-align-center\">Principal Investigator<\/p>\n\n\n\n<p class=\"has-text-align-center\">Medizinische Klinik II, Universit\u00e4res Herzzentrum L\u00fcbeck,<br>Universit\u00e4tsklinikum Schleswig-Holstein<\/p>\n<\/div>\n\n\n\n<div class=\"wp-block-column is-layout-flow wp-block-column-is-layout-flow\"><\/div>\n\n\n\n<div class=\"wp-block-column is-layout-flow wp-block-column-is-layout-flow\"><\/div>\n<\/div>\n<\/div><\/div>\n\n\n\n<div style=\"height:50px\" aria-hidden=\"true\" class=\"wp-block-spacer\"><\/div>\n\n\n\n<div class=\"wp-block-group alignfull has-hell-blue-background-color has-background\"><div class=\"wp-block-group__inner-container is-layout-constrained wp-block-group-is-layout-constrained\">\n<div class=\"wp-block-columns are-vertically-aligned-center is-layout-flex wp-container-core-columns-is-layout-9d6595d7 wp-block-columns-is-layout-flex\">\n<div class=\"wp-block-column is-vertically-aligned-center infos-partner-studien is-layout-flow wp-block-column-is-layout-flow\" id=\"infos-studien\">\n<div style=\"height:15px\" aria-hidden=\"true\" class=\"wp-block-spacer\"><\/div>\n\n\n\n<h2 class=\"wp-block-heading has-afnet-blau-color has-text-color has-link-color wp-elements-610ba4ea280a3c31a05bc82e803d034f\" style=\"text-transform:uppercase\"><strong>FURTHER INFORMATION<\/strong><\/h2>\n\n\n\n<div class=\"furtherinformation-dotted\"> <\/div>\n\n\n\n<div class=\"wp-block-columns is-layout-flex wp-container-core-columns-is-layout-9d6595d7 wp-block-columns-is-layout-flex\" id=\"no-space-studien\">\n<div class=\"wp-block-column is-layout-flow wp-block-column-is-layout-flow\">\n<h4 class=\"wp-block-heading has-afnet-blau-color has-text-color has-link-color wp-elements-b28bde9a7c0ab1774cdac8682a4b3ca3\" style=\"text-transform:uppercase\">Homepage<\/h4>\n\n\n\n<p class=\"has-contrast-color has-text-color has-link-color wp-elements-34efcd0e06d8516bc0b3ff93e772091e\"><a href=\"https:\/\/cmr-icd.dzhk.de\/\" target=\"_blank\" rel=\"noreferrer noopener\">cmr-icd.dzhk.de<\/a><\/p>\n\n\n\n<h4 class=\"wp-block-heading has-afnet-blau-color has-text-color has-link-color wp-elements-593a4659fab53b1f3012512c4d0bb50c\" style=\"text-transform:uppercase\">SPONSOR<\/h4>\n\n\n\n<p class=\"has-contrast-color has-text-color has-link-color wp-elements-cac7847a318320d61ba8ef7d3d5c30f9\">Universit\u00e4tsklinikum Schleswig-Holstein, Campus L\u00fcbeck, Medizinische Klinik II am Herzzentrum L\u00fcbeck<\/p>\n<\/div>\n\n\n\n<div class=\"wp-block-column is-layout-flow wp-block-column-is-layout-flow\">\n<h4 class=\"wp-block-heading has-afnet-blau-color has-text-color has-link-color wp-elements-ded9001f370969794a4f010a01fa1628\" style=\"text-transform:uppercase\">AFNET ROLE<\/h4>\n\n\n\n<p>Regulatory Project Management and support of the study coordinator<\/p>\n<\/div>\n<\/div>\n<\/div>\n<\/div>\n<\/div><\/div>\n","protected":false},"excerpt":{"rendered":"<p>CMR-ICD-DZHK23 Cardiac Magnetic Resonance guidance of Implantable Cardioverter Defibrillator implantation in non-ischemic dilated cardiomyopathy STUDY DESIGN Cardiac Magnetic Resonance guidance of Implantable Cardioverter Defibrillator implantation in non-ischemic dilated cardiomyopathy Study objective The aim of the study is to investigate whether the implantation of an implantable cardioverter defibrillator (ICD) reduces the overall risk of death in &#8230; <a title=\"Partnerstudie &#8211; CMR-ICD-DZHK23\" class=\"read-more\" href=\"https:\/\/www.af-net.eu\/en\/partnerstudie-cmr-icd-dzhk23\/\" aria-label=\"Read more about Partnerstudie &#8211; CMR-ICD-DZHK23\">Read more<\/a><\/p>\n","protected":false},"author":1,"featured_media":0,"parent":0,"menu_order":0,"comment_status":"closed","ping_status":"closed","template":"","meta":{"_acf_changed":false,"_uag_custom_page_level_css":"","iawp_total_views":6,"_vp_format_video_url":"","_vp_image_focal_point":[],"footnotes":""},"class_list":["post-13751","page","type-page","status-publish"],"acf":[],"uagb_featured_image_src":{"full":false,"thumbnail":false,"medium":false,"medium_large":false,"large":false,"timeline-express":false,"timeline-express-thumbnail":false,"1536x1536":false,"2048x2048":false,"vp_sm":false,"vp_md":false,"vp_lg":false,"vp_xl":false,"vp_sm_popup":false,"vp_md_popup":false,"vp_xl_popup":false},"uagb_author_info":{"display_name":"admin","author_link":"https:\/\/www.af-net.eu\/en\/author\/cre8ors\/"},"uagb_comment_info":0,"uagb_excerpt":"CMR-ICD-DZHK23 Cardiac Magnetic Resonance guidance of Implantable Cardioverter Defibrillator implantation in non-ischemic dilated cardiomyopathy STUDY DESIGN Cardiac Magnetic Resonance guidance of Implantable Cardioverter Defibrillator implantation in non-ischemic dilated cardiomyopathy Study objective The aim of the study is to investigate whether the implantation of an implantable cardioverter defibrillator (ICD) reduces the overall risk of death in&hellip;","_links":{"self":[{"href":"https:\/\/www.af-net.eu\/en\/wp-json\/wp\/v2\/pages\/13751","targetHints":{"allow":["GET"]}}],"collection":[{"href":"https:\/\/www.af-net.eu\/en\/wp-json\/wp\/v2\/pages"}],"about":[{"href":"https:\/\/www.af-net.eu\/en\/wp-json\/wp\/v2\/types\/page"}],"author":[{"embeddable":true,"href":"https:\/\/www.af-net.eu\/en\/wp-json\/wp\/v2\/users\/1"}],"replies":[{"embeddable":true,"href":"https:\/\/www.af-net.eu\/en\/wp-json\/wp\/v2\/comments?post=13751"}],"version-history":[{"count":14,"href":"https:\/\/www.af-net.eu\/en\/wp-json\/wp\/v2\/pages\/13751\/revisions"}],"predecessor-version":[{"id":14228,"href":"https:\/\/www.af-net.eu\/en\/wp-json\/wp\/v2\/pages\/13751\/revisions\/14228"}],"wp:attachment":[{"href":"https:\/\/www.af-net.eu\/en\/wp-json\/wp\/v2\/media?parent=13751"}],"curies":[{"name":"wp","href":"https:\/\/api.w.org\/{rel}","templated":true}]}}