{"id":13749,"date":"2025-03-05T12:16:13","date_gmt":"2025-03-05T12:16:13","guid":{"rendered":"https:\/\/af-net.eu\/?page_id=13749"},"modified":"2026-05-11T11:30:46","modified_gmt":"2026-05-11T11:30:46","slug":"partnerstudie-closure-af-dzhk16","status":"publish","type":"page","link":"https:\/\/www.af-net.eu\/en\/partnerstudie-closure-af-dzhk16\/","title":{"rendered":"Partnerstudie &#8211; CLOSURE-AF-DZHK16"},"content":{"rendered":"\n<div class=\"wp-block-group\"><div class=\"wp-block-group__inner-container is-layout-constrained wp-block-group-is-layout-constrained\">\n<div class=\"wp-block-columns is-layout-flex wp-container-core-columns-is-layout-9d6595d7 wp-block-columns-is-layout-flex\">\n<div class=\"wp-block-column is-layout-flow wp-block-column-is-layout-flow\" style=\"flex-basis:40%\"><div class=\"wp-block-image\">\n<figure class=\"aligncenter size-full is-resized\"><img loading=\"lazy\" decoding=\"async\" width=\"344\" height=\"229\" src=\"https:\/\/www.af-net.eu\/wp-content\/uploads\/2025\/03\/closure.jpg\" alt=\"\" class=\"wp-image-13687\" style=\"width:337px\" srcset=\"https:\/\/www.af-net.eu\/wp-content\/uploads\/2025\/03\/closure.jpg 344w, https:\/\/www.af-net.eu\/wp-content\/uploads\/2025\/03\/closure-300x200.jpg 300w\" sizes=\"auto, (max-width: 344px) 100vw, 344px\" \/><\/figure>\n<\/div><\/div>\n\n\n\n<div class=\"wp-block-column is-layout-flow wp-block-column-is-layout-flow\" style=\"flex-basis:60%\">\n<h2 class=\"wp-block-heading has-afnet-blau-color has-text-color has-link-color wp-elements-1941f38f8eb828764595232f5788e28b\" style=\"text-transform:uppercase\"><strong>CLOSURE-AF-DZHK16<\/strong><\/h2>\n\n\n\n<div class=\"easthigh\"> <\/div>\n\n\n\n<p>Left atrial appendage CLOSURE in patients with Atrial Fibrillation at high risk of stroke and bleeding compared to medical therapy: a prospective randomized clinical trial<\/p>\n<\/div>\n<\/div>\n<\/div><\/div>\n\n\n\n<div style=\"height:100px\" aria-hidden=\"true\" id=\"abstand-weg\" class=\"wp-block-spacer\"><\/div>\n\n\n\n<h2 class=\"wp-block-heading has-afnet-blau-color has-text-color has-link-color wp-elements-07469709b423613b1f0ffd48471f67cb\" style=\"text-transform:uppercase\"><strong><strong>Ingo EiteL: <strong><em>Interventional stroke prevention in AF<\/em><\/strong><\/strong><\/strong><\/h2>\n\n\n\n<div class=\"studiendesign-dotted\"> <\/div>\n\n\n\n<div style=\"height:20px\" aria-hidden=\"true\" class=\"wp-block-spacer\"><\/div>\n\n\n\n<figure class=\"wp-block-embed is-type-video is-provider-youtube wp-block-embed-youtube wp-embed-aspect-16-9 wp-has-aspect-ratio\"><div class=\"wp-block-embed__wrapper\">\n <div class=\"brlbs-cmpnt-container brlbs-cmpnt-content-blocker brlbs-cmpnt-with-individual-styles\" data-borlabs-cookie-content-blocker-id=\"youtube-content-blocker\" data-borlabs-cookie-content=\"PGlmcmFtZSB0aXRsZT0iRWl0ZWwgREdLMjAyNiAyMDI2MDQyMiIgd2lkdGg9IjEyMDAiIGhlaWdodD0iNjc1IiBzcmM9Imh0dHBzOi8vd3d3LnlvdXR1YmUtbm9jb29raWUuY29tL2VtYmVkL0JudXJLVG40OERjP2ZlYXR1cmU9b2VtYmVkIiBmcmFtZWJvcmRlcj0iMCIgYWxsb3c9ImFjY2VsZXJvbWV0ZXI7IGF1dG9wbGF5OyBjbGlwYm9hcmQtd3JpdGU7IGVuY3J5cHRlZC1tZWRpYTsgZ3lyb3Njb3BlOyBwaWN0dXJlLWluLXBpY3R1cmU7IHdlYi1zaGFyZSIgcmVmZXJyZXJwb2xpY3k9InN0cmljdC1vcmlnaW4td2hlbi1jcm9zcy1vcmlnaW4iIGFsbG93ZnVsbHNjcmVlbj48L2lmcmFtZT4=\"><div class=\"brlbs-cmpnt-cb-preset-c brlbs-cmpnt-cb-youtube\"> <div class=\"brlbs-cmpnt-cb-thumbnail\" style=\"background-image: url('https:\/\/www.af-net.eu\/wp-content\/uploads\/borlabs-cookie\/1\/yt_BnurKTn48Dc_hqdefault.jpg')\"><\/div> <div class=\"brlbs-cmpnt-cb-main\"> <div class=\"brlbs-cmpnt-cb-play-button\"><\/div> <div class=\"brlbs-cmpnt-cb-content\"> <p class=\"brlbs-cmpnt-cb-description\">You are currently viewing a placeholder content from <strong>YouTube<\/strong>. To access the actual content, click the button below. Please note that doing so will share data with third-party providers.<\/p> <a class=\"brlbs-cmpnt-cb-provider-toggle\" href=\"#\" data-borlabs-cookie-show-provider-information role=\"button\">More Information<\/a> <\/div> <div class=\"brlbs-cmpnt-cb-buttons\"> <a class=\"brlbs-cmpnt-cb-btn\" href=\"#\" data-borlabs-cookie-unblock role=\"button\">Unblock content<\/a> <a class=\"brlbs-cmpnt-cb-btn\" href=\"#\" data-borlabs-cookie-accept-service role=\"button\" style=\"display: inherit\">Accept required service and unblock content<\/a> <\/div> <\/div> <\/div><\/div>\n<\/div><\/figure>\n\n\n\n<div style=\"height:100px\" aria-hidden=\"true\" class=\"wp-block-spacer\"><\/div>\n\n\n\n<div class=\"wp-block-group alignfull has-background\" id=\"studiendesign-block-hacken\" style=\"background-color:#dde9f2\"><div class=\"wp-block-group__inner-container is-layout-constrained wp-block-group-is-layout-constrained\">\n<div class=\"wp-block-columns is-layout-flex wp-container-core-columns-is-layout-9d6595d7 wp-block-columns-is-layout-flex\">\n<div class=\"wp-block-column is-layout-flow wp-block-column-is-layout-flow\">\n<h2 class=\"wp-block-heading has-afnet-blau-color has-text-color has-link-color wp-elements-9fb78736a4506265c7575198b5a53eee\" style=\"text-transform:uppercase\"><strong><strong>STUDY DESIGN<\/strong><\/strong><\/h2>\n\n\n\n<div class=\"studiendesign-dotted\"> <\/div>\n\n\n\n<p>Prospective, multi-centre, national, unblinded, randomized study.<\/p>\n<\/div>\n\n\n\n<div class=\"wp-block-column is-layout-flow wp-block-column-is-layout-flow\" id=\"video-studien-margin-top-less\"><div class=\"wp-block-image\">\n<figure class=\"aligncenter size-large is-resized\"><img loading=\"lazy\" decoding=\"async\" width=\"884\" height=\"1024\" src=\"https:\/\/www.af-net.eu\/wp-content\/uploads\/2025\/03\/CLOSURE2-884x1024.png\" alt=\"\" class=\"wp-image-14132\" style=\"width:366px;height:auto\" srcset=\"https:\/\/www.af-net.eu\/wp-content\/uploads\/2025\/03\/CLOSURE2-884x1024.png 884w, https:\/\/www.af-net.eu\/wp-content\/uploads\/2025\/03\/CLOSURE2-259x300.png 259w, https:\/\/www.af-net.eu\/wp-content\/uploads\/2025\/03\/CLOSURE2-768x890.png 768w, https:\/\/www.af-net.eu\/wp-content\/uploads\/2025\/03\/CLOSURE2-1326x1536.png 1326w, https:\/\/www.af-net.eu\/wp-content\/uploads\/2025\/03\/CLOSURE2-1768x2048.png 1768w, https:\/\/www.af-net.eu\/wp-content\/uploads\/2025\/03\/CLOSURE2-500x579.png 500w, https:\/\/www.af-net.eu\/wp-content\/uploads\/2025\/03\/CLOSURE2-800x927.png 800w, https:\/\/www.af-net.eu\/wp-content\/uploads\/2025\/03\/CLOSURE2-1280x1483.png 1280w, https:\/\/www.af-net.eu\/wp-content\/uploads\/2025\/03\/CLOSURE2-1920x2224.png 1920w, https:\/\/www.af-net.eu\/wp-content\/uploads\/2025\/03\/CLOSURE2.png 2000w\" sizes=\"auto, (max-width: 884px) 100vw, 884px\" \/><\/figure>\n<\/div><\/div>\n<\/div>\n\n\n\n<div class=\"wp-block-columns is-layout-flex wp-container-core-columns-is-layout-9d6595d7 wp-block-columns-is-layout-flex\">\n<div class=\"wp-block-column is-layout-flow wp-block-column-is-layout-flow\" id=\"positiv-zeichen\">\n<h5 class=\"wp-block-heading has-afnet-blau-color has-text-color has-link-color wp-elements-3b7aaf258aae1769bc9797a9a3c95cf8\"><strong><strong>Study objective<\/strong><\/strong><\/h5>\n\n\n\n<p>Study goal is to determine the clinical benefit of a strategy of percutaneous catheter\u2010based left atrial appendage (LAA) closure in patients with non-valvular atrial fibrillation (NVAF) at high risk of stroke (CHA2DS2\u2010VASc Score \u22652) and bleeding as compared to best medical care.<\/p>\n<\/div>\n\n\n\n<div class=\"wp-block-column is-layout-flow wp-block-column-is-layout-flow\" id=\"negativ-zeichen\">\n<h5 class=\"wp-block-heading has-afnet-blau-color has-text-color has-link-color wp-elements-d2e16d4c55fd7506264f2856899fe982\"><strong><strong>Description<\/strong><\/strong><\/h5>\n\n\n\n<p>Atrial fibrillation is the most common cardiac arrhythmia in Germany. With atrial fibrillation, there is a risk of clots forming in the heart, particularly in the left atrial appendage), a part of the heart. If these clots come loose, there is a risk of stroke. To prevent strokes, patients with atrial fibrillation can be given medication known as anticoagulants. These drugs prevent the formation of clots in the heart.<\/p>\n<\/div>\n\n\n\n<div class=\"wp-block-column is-layout-flow wp-block-column-is-layout-flow\" id=\"negativ-zeichen\">\n<div style=\"height:29px\" aria-hidden=\"true\" class=\"wp-block-spacer\"><\/div>\n\n\n\n<p>Another treatment option is to close the left atrial appendage with a closure system (occluder), which prevents clots from reaching the brain or the body. After the left atrial appendage has been closed, the blood only needs to be diluted for a short time until the occluder has healed. The CLOSURE-AF study compares the two clinically established treatment approaches (blood thinning with medication and closure of the left heart ear using a catheter technique). Only approved anticoagulants and closure systems will be used.<\/p>\n<\/div>\n<\/div>\n<\/div><\/div>\n\n\n\n<div style=\"height:25px\" aria-hidden=\"true\" id=\"abstand-weg\" class=\"wp-block-spacer\"><\/div>\n\n\n\n<div class=\"wp-block-group alignfull\" id=\"studiendesign-block-hacken\"><div class=\"wp-block-group__inner-container is-layout-constrained wp-block-group-is-layout-constrained\">\n<h2 class=\"wp-block-heading has-afnet-blau-color has-text-color has-link-color wp-elements-4b9872f21a9cd62a6b9cb764f7e16811\" style=\"text-transform:uppercase\"><strong><strong>CONTACT INFORMATION<\/strong><\/strong><\/h2>\n\n\n\n<div class=\"kontaktdaten-dotted\"> <\/div>\n\n\n\n<div class=\"wp-block-columns is-layout-flex wp-container-core-columns-is-layout-9d6595d7 wp-block-columns-is-layout-flex\" id=\"Leitungen\">\n<div class=\"wp-block-column is-layout-flow wp-block-column-is-layout-flow\"><div class=\"wp-block-image is-style-rounded\">\n<figure class=\"aligncenter size-full is-resized\" id=\"kreis\"><img loading=\"lazy\" decoding=\"async\" width=\"250\" height=\"250\" src=\"https:\/\/www.af-net.eu\/wp-content\/uploads\/2025\/03\/Landmesser_sq.jpg\" alt=\"\" class=\"wp-image-13921\" style=\"aspect-ratio:1;object-fit:cover;width:250px\" srcset=\"https:\/\/www.af-net.eu\/wp-content\/uploads\/2025\/03\/Landmesser_sq.jpg 250w, https:\/\/www.af-net.eu\/wp-content\/uploads\/2025\/03\/Landmesser_sq-150x150.jpg 150w\" sizes=\"auto, (max-width: 250px) 100vw, 250px\" \/><\/figure>\n<\/div>\n\n\n<h5 class=\"wp-block-heading has-text-align-center has-afnet-blau-color has-text-color has-link-color wp-elements-30bb6e6fbeac71bad0cd551428deb3e7\"><strong>Prof. Dr. med. Ulf Landmesser<\/strong><\/h5>\n\n\n\n<p class=\"has-text-align-center\">Director of Studies<\/p>\n\n\n\n<p class=\"has-text-align-center\">Charit\u00e9 &#8211; Universit\u00e4tsmedizin Berlin<\/p>\n<\/div>\n\n\n\n<div class=\"wp-block-column is-layout-flow wp-block-column-is-layout-flow\"><div class=\"wp-block-image is-style-rounded\">\n<figure class=\"aligncenter size-full is-resized\" id=\"kreis\"><img loading=\"lazy\" decoding=\"async\" width=\"250\" height=\"250\" src=\"https:\/\/www.af-net.eu\/wp-content\/uploads\/2025\/03\/Eitel_sq2.jpg\" alt=\"\" class=\"wp-image-13915\" style=\"aspect-ratio:1;object-fit:cover;width:250px\" srcset=\"https:\/\/www.af-net.eu\/wp-content\/uploads\/2025\/03\/Eitel_sq2.jpg 250w, https:\/\/www.af-net.eu\/wp-content\/uploads\/2025\/03\/Eitel_sq2-150x150.jpg 150w\" sizes=\"auto, (max-width: 250px) 100vw, 250px\" \/><\/figure>\n<\/div>\n\n\n<h5 class=\"wp-block-heading has-text-align-center has-afnet-blau-color has-text-color has-link-color wp-elements-d43ec30aadbacef819ff0cdc5b80b225\"><strong>Prof. Dr. med. Ingo Eitel<\/strong><\/h5>\n\n\n\n<p class=\"has-text-align-center\">Co-study director<\/p>\n\n\n\n<p class=\"has-text-align-center\">Medizinische Klinik II, Universit\u00e4res Herzzentrum L\u00fcbeck<br>Universit\u00e4tsklinikum Schleswig-Holstein<\/p>\n<\/div>\n\n\n\n<div class=\"wp-block-column is-layout-flow wp-block-column-is-layout-flow\"><div class=\"wp-block-image is-style-rounded\">\n<figure class=\"aligncenter size-full is-resized\" id=\"kreis\"><img loading=\"lazy\" decoding=\"async\" width=\"250\" height=\"250\" src=\"https:\/\/www.af-net.eu\/wp-content\/uploads\/2025\/03\/Boldt_sq.jpg\" alt=\"\" class=\"wp-image-13913\" style=\"aspect-ratio:1;object-fit:cover;width:250px\" srcset=\"https:\/\/www.af-net.eu\/wp-content\/uploads\/2025\/03\/Boldt_sq.jpg 250w, https:\/\/www.af-net.eu\/wp-content\/uploads\/2025\/03\/Boldt_sq-150x150.jpg 150w\" sizes=\"auto, (max-width: 250px) 100vw, 250px\" \/><\/figure>\n<\/div>\n\n\n<h5 class=\"wp-block-heading has-text-align-center has-afnet-blau-color has-text-color has-link-color wp-elements-8dd554f949e2e492d404fb91795eb140\"><strong>Prof. Dr. med. Leif-Hendrick Boldt<\/strong><\/h5>\n\n\n\n<p class=\"has-text-align-center\">Co-study director<\/p>\n\n\n\n<p class=\"has-text-align-center\">Medizinische Klinik mit Schwerpunkt Kardiologie&nbsp;<br>Charit\u00e9 &#8211; Universit\u00e4tsmedizin Berlin<\/p>\n<\/div>\n<\/div>\n<\/div><\/div>\n\n\n\n<div style=\"height:50px\" aria-hidden=\"true\" class=\"wp-block-spacer\"><\/div>\n\n\n\n<div class=\"wp-block-group alignfull has-hell-blue-background-color has-background\"><div class=\"wp-block-group__inner-container is-layout-constrained wp-block-group-is-layout-constrained\">\n<div class=\"wp-block-columns are-vertically-aligned-center is-layout-flex wp-container-core-columns-is-layout-9d6595d7 wp-block-columns-is-layout-flex\">\n<div class=\"wp-block-column is-vertically-aligned-center infos-partner-studien is-layout-flow wp-block-column-is-layout-flow\" id=\"infos-studien\">\n<div style=\"height:15px\" aria-hidden=\"true\" class=\"wp-block-spacer\"><\/div>\n\n\n\n<h2 class=\"wp-block-heading has-afnet-blau-color has-text-color has-link-color wp-elements-ed9bf57a9c4fb64dce1f4a3a5107d2e2\" style=\"text-transform:uppercase\"><strong><strong>FURTHER INFORMATION<\/strong><\/strong><\/h2>\n\n\n\n<div class=\"weitereinormationen-dotted\"> <\/div>\n\n\n\n<div class=\"wp-block-columns is-layout-flex wp-container-core-columns-is-layout-9d6595d7 wp-block-columns-is-layout-flex\" id=\"no-space-studien\">\n<div class=\"wp-block-column is-layout-flow wp-block-column-is-layout-flow\">\n<h4 class=\"wp-block-heading has-afnet-blau-color has-text-color has-link-color wp-elements-b28bde9a7c0ab1774cdac8682a4b3ca3\" style=\"text-transform:uppercase\">Homepage<\/h4>\n\n\n\n<p class=\"has-contrast-color has-text-color has-link-color wp-elements-83dd491afc9fab2f7f4d173d12a1ad2d\"><a href=\"https:\/\/closure-af.dzhk.de\/\">closure-af.dzhk.de<\/a><\/p>\n\n\n\n<h4 class=\"wp-block-heading has-afnet-blau-color has-text-color has-link-color wp-elements-593a4659fab53b1f3012512c4d0bb50c\" style=\"text-transform:uppercase\">SPONSOR<\/h4>\n\n\n\n<p class=\"has-contrast-color has-text-color has-link-color wp-elements-4af81f2ed5e55e11eb082a90a231c4e4\">Charit\u00e9 &#8211; Universit\u00e4tsmedizin Berlin<\/p>\n<\/div>\n\n\n\n<div class=\"wp-block-column is-layout-flow wp-block-column-is-layout-flow\">\n<h4 class=\"wp-block-heading has-afnet-blau-color has-text-color has-link-color wp-elements-ded9001f370969794a4f010a01fa1628\" style=\"text-transform:uppercase\">AFNET ROLE<\/h4>\n\n\n\n<p>Regulatory Project Management, organisation and support of committees (CEC) and meetings, support of the study coordinator with e.g. supervision of sites<\/p>\n<\/div>\n<\/div>\n<\/div>\n<\/div>\n<\/div><\/div>\n","protected":false},"excerpt":{"rendered":"<p>CLOSURE-AF-DZHK16 Left atrial appendage CLOSURE in patients with Atrial Fibrillation at high risk of stroke and bleeding compared to medical therapy: a prospective randomized clinical trial Ingo EiteL: Interventional stroke prevention in AF STUDY DESIGN Prospective, multi-centre, national, unblinded, randomized study. Study objective Study goal is to determine the clinical benefit of a strategy of &#8230; <a title=\"Partnerstudie &#8211; CLOSURE-AF-DZHK16\" class=\"read-more\" href=\"https:\/\/www.af-net.eu\/en\/partnerstudie-closure-af-dzhk16\/\" aria-label=\"Read more about Partnerstudie &#8211; CLOSURE-AF-DZHK16\">Read more<\/a><\/p>\n","protected":false},"author":1,"featured_media":0,"parent":0,"menu_order":0,"comment_status":"closed","ping_status":"closed","template":"","meta":{"_acf_changed":false,"_uag_custom_page_level_css":"","iawp_total_views":42,"_vp_format_video_url":"","_vp_image_focal_point":[],"footnotes":""},"class_list":["post-13749","page","type-page","status-publish"],"acf":[],"uagb_featured_image_src":{"full":false,"thumbnail":false,"medium":false,"medium_large":false,"large":false,"timeline-express":false,"timeline-express-thumbnail":false,"1536x1536":false,"2048x2048":false,"vp_sm":false,"vp_md":false,"vp_lg":false,"vp_xl":false,"vp_sm_popup":false,"vp_md_popup":false,"vp_xl_popup":false},"uagb_author_info":{"display_name":"admin","author_link":"https:\/\/www.af-net.eu\/en\/author\/cre8ors\/"},"uagb_comment_info":0,"uagb_excerpt":"CLOSURE-AF-DZHK16 Left atrial appendage CLOSURE in patients with Atrial Fibrillation at high risk of stroke and bleeding compared to medical therapy: a prospective randomized clinical trial Ingo EiteL: Interventional stroke prevention in AF STUDY DESIGN Prospective, multi-centre, national, unblinded, randomized study. Study objective Study goal is to determine the clinical benefit of a strategy of&hellip;","_links":{"self":[{"href":"https:\/\/www.af-net.eu\/en\/wp-json\/wp\/v2\/pages\/13749","targetHints":{"allow":["GET"]}}],"collection":[{"href":"https:\/\/www.af-net.eu\/en\/wp-json\/wp\/v2\/pages"}],"about":[{"href":"https:\/\/www.af-net.eu\/en\/wp-json\/wp\/v2\/types\/page"}],"author":[{"embeddable":true,"href":"https:\/\/www.af-net.eu\/en\/wp-json\/wp\/v2\/users\/1"}],"replies":[{"embeddable":true,"href":"https:\/\/www.af-net.eu\/en\/wp-json\/wp\/v2\/comments?post=13749"}],"version-history":[{"count":15,"href":"https:\/\/www.af-net.eu\/en\/wp-json\/wp\/v2\/pages\/13749\/revisions"}],"predecessor-version":[{"id":17222,"href":"https:\/\/www.af-net.eu\/en\/wp-json\/wp\/v2\/pages\/13749\/revisions\/17222"}],"wp:attachment":[{"href":"https:\/\/www.af-net.eu\/en\/wp-json\/wp\/v2\/media?parent=13749"}],"curies":[{"name":"wp","href":"https:\/\/api.w.org\/{rel}","templated":true}]}}